{"id":6817,"date":"2024-02-12T15:00:25","date_gmt":"2024-02-12T15:00:25","guid":{"rendered":"https:\/\/alfonswalde.com\/shop\/uncategorized\/cable-railway-hahnenkamm\/"},"modified":"2026-02-12T11:09:02","modified_gmt":"2026-02-12T11:09:02","slug":"cable-railway-hahnenkamm","status":"publish","type":"product","link":"https:\/\/alfonswalde.com\/en\/shop\/antiquarian-prints\/cable-railway-hahnenkamm\/","title":{"rendered":"Cable-Railway Hahnenkamm"},"content":{"rendered":"<p><span style=\"font-size: 13px; font-family: Arial, Verdana, Helvetica;\">In Passe-Partout, Size: 40,86\u00b4 x 27,63\u00b4 inches <\/span><\/p>\n<p><span style=\"font-size: 13px; font-family: Arial, Verdana, Helvetica;\">around 1932 <\/span><span style=\"font-size: 13px; font-family: Arial, Verdana, Helvetica;\">H. Beimpolds Wtw. Kitzb\u00fchel<\/span><\/p>\n","protected":false},"excerpt":{"rendered":"<p><span style=\"font-family: Arial, Verdana, Helvetica; font-size: 13px;\">In Passpartout Gr\u00f6\u00dfe: 103,8 x 70,2 cm, Originalgr\u00f6\u00dfe ca. 90 x 60 cm<\/span><\/p>\n<p><span style=\"font-family: Arial, Verdana, Helvetica; font-size: 13px;\">around 1932 <\/span><span style=\"font-size: 13px;\">H. Beimpolds Wtw. Kitzb\u00fchel<\/span><\/p>\n","protected":false},"featured_media":7442,"template":"","meta":{"_et_pb_use_builder":"","_et_pb_old_content":"","_et_gb_content_width":"","inline_featured_image":false},"product_brand":[],"product_cat":[340],"product_tag":[243,244,245],"class_list":{"0":"post-6817","1":"product","2":"type-product","3":"status-publish","4":"has-post-thumbnail","6":"product_cat-antiquarian-prints","7":"product_tag-artprint","8":"product_tag-landscape","9":"product_tag-snow-kitzbuehel-hahnenkamm-skiing","10":"product_shipping_class-canvas-size-1","11":"_wholesalex wsx-wholesalex-product","13":"first","14":"instock","15":"taxable","16":"shipping-taxable","17":"purchasable","18":"product-type-simple"},"jetpack_sharing_enabled":true,"_links":{"self":[{"href":"https:\/\/alfonswalde.com\/en\/wp-json\/wp\/v2\/product\/6817","targetHints":{"allow":["GET"]}}],"collection":[{"href":"https:\/\/alfonswalde.com\/en\/wp-json\/wp\/v2\/product"}],"about":[{"href":"https:\/\/alfonswalde.com\/en\/wp-json\/wp\/v2\/types\/product"}],"wp:featuredmedia":[{"embeddable":true,"href":"https:\/\/alfonswalde.com\/en\/wp-json\/wp\/v2\/media\/7442"}],"wp:attachment":[{"href":"https:\/\/alfonswalde.com\/en\/wp-json\/wp\/v2\/media?parent=6817"}],"wp:term":[{"taxonomy":"product_brand","embeddable":true,"href":"https:\/\/alfonswalde.com\/en\/wp-json\/wp\/v2\/product_brand?post=6817"},{"taxonomy":"product_cat","embeddable":true,"href":"https:\/\/alfonswalde.com\/en\/wp-json\/wp\/v2\/product_cat?post=6817"},{"taxonomy":"product_tag","embeddable":true,"href":"https:\/\/alfonswalde.com\/en\/wp-json\/wp\/v2\/product_tag?post=6817"}],"curies":[{"name":"wp","href":"https:\/\/api.w.org\/{rel}","templated":true}]}}